{"id":1759,"date":"2025-09-17T15:17:07","date_gmt":"2025-09-17T15:17:07","guid":{"rendered":"https:\/\/xfirewoodfactory.com\/?page_id=1759"},"modified":"2025-11-25T13:09:25","modified_gmt":"2025-11-25T13:09:25","slug":"cookies","status":"publish","type":"page","link":"https:\/\/xfirewoodfactory.com\/fr\/cookies\/","title":{"rendered":"Cookies"},"content":{"rendered":"<div data-elementor-type=\"wp-page\" data-elementor-id=\"1759\" class=\"elementor elementor-1759\" data-elementor-post-type=\"page\">\n\t\t\t\t<div data-particle_enable=\"false\" data-particle-mobile-disabled=\"false\" class=\"elementor-element elementor-element-1433ed4f e-con-full e-flex e-con e-parent\" data-id=\"1433ed4f\" data-element_type=\"container\" data-e-type=\"container\" data-settings=\"{&quot;background_background&quot;:&quot;classic&quot;}\">\n\t\t<div data-particle_enable=\"false\" data-particle-mobile-disabled=\"false\" class=\"elementor-element elementor-element-16dfee43 e-con-full e-flex e-con e-child\" data-id=\"16dfee43\" data-element_type=\"container\" data-e-type=\"container\">\n\t\t\t\t<div class=\"elementor-element elementor-element-7983b26b elementor-widget__width-initial elementor-widget elementor-widget-text-editor\" data-id=\"7983b26b\" data-element_type=\"widget\" data-e-type=\"widget\" data-widget_type=\"text-editor.default\">\n\t\t\t\t\t\t\t\t\t<h2 data-start=\"89\" data-end=\"104\"><strong>Politique en mati\u00e8re de cookies<\/strong><\/h2>\n<p class=\"\" data-start=\"106\" data-end=\"162\"><strong data-start=\"106\" data-end=\"162\">Derni\u00e8re mise \u00e0 jour : 17 septembre 2025<\/strong><\/p>\n<p class=\"\" data-start=\"164\" data-end=\"364\">Bienvenue sur le site de X Firewood Factory !<br data-start=\"195\" data-end=\"198\">Nous utilisons des cookies pour am\u00e9liorer votre exp\u00e9rience de navigation, analyser le trafic sur le site web et proposer des publicit\u00e9s cibl\u00e9es. La pr\u00e9sente politique en mati\u00e8re de cookies explique comment et pourquoi nous utilisons des cookies.<\/p>\n<h4 data-start=\"366\" data-end=\"386\"><strong>Qu'est-ce qu'un cookie ?<\/strong><\/h4>\n<p class=\"\" data-start=\"388\" data-end=\"750\">Les cookies sont de petits fichiers texte qu'un site web enregistre sur votre ordinateur ou votre appareil mobile lorsque vous le visitez. Ils permettent au site web de se souvenir de vos actions et de vos pr\u00e9f\u00e9rences (telles que l'identifiant, la langue, la taille de la police et d'autres pr\u00e9f\u00e9rences d'affichage) pendant une certaine p\u00e9riode, de sorte que vous n'ayez pas \u00e0 les saisir \u00e0 nouveau chaque fois que vous revenez sur le site ou que vous naviguez d'une page \u00e0 l'autre.<\/p>\n<h4 data-start=\"752\" data-end=\"773\"><strong>Comment nous utilisons les cookies<\/strong><\/h4>\n<p class=\"\" data-start=\"775\" data-end=\"825\">X Firewood Factory utilise des cookies aux fins suivantes :<\/p>\n<ul data-start=\"827\" data-end=\"1545\">\n<li class=\"\" data-start=\"827\" data-end=\"945\">\n<p class=\"\" data-start=\"829\" data-end=\"945\"><strong data-start=\"829\" data-end=\"850\">Biscuits essentiels<\/strong>: Ces cookies sont n\u00e9cessaires \u00e0 la fonctionnalit\u00e9 de base du site web et sont toujours actifs.<\/p>\n<\/li>\n<li class=\"\" data-start=\"946\" data-end=\"1177\">\n<p class=\"\" data-start=\"948\" data-end=\"1177\"><strong data-start=\"948\" data-end=\"985\">Cookies de performance et d'analyse<\/strong>: Ces cookies recueillent des informations sur la mani\u00e8re dont vous utilisez le site web, comme les pages que vous visitez le plus souvent. Nous utilisons ces informations pour am\u00e9liorer la fonctionnalit\u00e9 du site web et l'exp\u00e9rience de l'utilisateur.<\/p>\n<\/li>\n<li class=\"\" data-start=\"1178\" data-end=\"1367\">\n<p class=\"\" data-start=\"1180\" data-end=\"1367\"><strong data-start=\"1180\" data-end=\"1205\">Cookies de fonctionnalit\u00e9<\/strong>: Ces cookies permettent au site web de se souvenir des choix que vous avez faits (tels que votre nom d'utilisateur, votre langue ou votre r\u00e9gion) et de fournir des fonctionnalit\u00e9s am\u00e9lior\u00e9es et plus personnalis\u00e9es.<\/p>\n<\/li>\n<li class=\"\" data-start=\"1368\" data-end=\"1545\">\n<p class=\"\" data-start=\"1370\" data-end=\"1545\"><strong data-start=\"1370\" data-end=\"1407\">Cookies publicitaires et de ciblage<\/strong>: Ces cookies collectent des informations sur vos habitudes de navigation afin de vous proposer des publicit\u00e9s plus pertinentes pour vous et vos centres d'int\u00e9r\u00eat.<\/p>\n<\/li>\n<\/ul>\n<h4 data-start=\"1547\" data-end=\"1573\"><strong>Quels sont les cookies que nous utilisons ?<\/strong><\/h4>\n<p class=\"\" data-start=\"1575\" data-end=\"1614\">Nous utilisons des cookies Google et Facebook sur notre site web.<\/p>\n<p class=\"\" data-start=\"1616\" data-end=\"1848\">Plus pr\u00e9cis\u00e9ment, nous utilisons&nbsp;<strong data-start=\"1637\" data-end=\"1657\">Google Analytics<\/strong>, Google Analytics, un service d'analyse de site internet fourni par Google, pour comprendre comment les visiteurs utilisent notre site et nous aider \u00e0 l'am\u00e9liorer. Google Analytics utilise des cookies pour collecter et analyser des donn\u00e9es sur l'utilisation du site.<\/p>\n<h4 data-start=\"1850\" data-end=\"1883\"><strong>G\u00e9rer vos pr\u00e9f\u00e9rences en mati\u00e8re de cookies<\/strong><\/h4>\n<p class=\"\" data-start=\"1885\" data-end=\"2253\">Vous avez le droit de g\u00e9rer et\/ou de supprimer librement les cookies.<br data-start=\"1943\" data-end=\"1946\">Vous pouvez supprimer tous les cookies d\u00e9j\u00e0 stock\u00e9s sur votre ordinateur et configurer la plupart des navigateurs pour emp\u00eacher leur installation. Toutefois, veuillez noter que si vous faites cela, il se peut que vous deviez ajuster manuellement certains param\u00e8tres \u00e0 chaque fois que vous visitez le site web, et que certains services et fonctionnalit\u00e9s ne fonctionnent pas correctement.<\/p>\n<p class=\"\" data-start=\"2255\" data-end=\"2439\">Vous pouvez g\u00e9rer directement vos pr\u00e9f\u00e9rences en mati\u00e8re de cookies sur notre site web en utilisant l'ic\u00f4ne CookieBot situ\u00e9e dans le coin inf\u00e9rieur gauche de la page, o\u00f9 vous pouvez d\u00e9finir vos param\u00e8tres pr\u00e9f\u00e9r\u00e9s en mati\u00e8re de cookies.<\/p>\n<h4 data-start=\"2441\" data-end=\"2463\"><strong>Informations sur le contact<\/strong><\/h4>\n<p class=\"\" data-start=\"2465\" data-end=\"2563\">Si vous avez des questions concernant notre politique en mati\u00e8re de cookies, veuillez nous contacter \u00e0 l'adresse suivante :<br data-start=\"2541\" data-end=\"2544\">info@xfirewoodfactory.com<\/p>\t\t\t\t\t\t\t\t<\/div>\n\t\t\t\t<div class=\"elementor-element elementor-element-3e828004 elementor-widget elementor-widget-heading\" data-id=\"3e828004\" data-element_type=\"widget\" data-e-type=\"widget\" data-widget_type=\"heading.default\">\n\t\t\t\t\t<h2 class=\"elementor-heading-title elementor-size-default\">Informations sur les cookies :<\/h2>\t\t\t\t<\/div>\n\t\t\t\t<div class=\"elementor-element elementor-element-3513a6bd elementor-widget elementor-widget-html\" data-id=\"3513a6bd\" data-element_type=\"widget\" data-e-type=\"widget\" data-widget_type=\"html.default\">\n\t\t\t\t\t<script id=\"CookieDeclaration\" src=\"https:\/\/consent.cookiebot.com\/d3262a4f-fa9b-4042-98c2-b22b2cf1d638\/cd.js\" type=\"text\/javascript\" async><\/script>\t\t\t\t<\/div>\n\t\t\t\t<\/div>\n\t\t\t\t<\/div>\n\t\t<div data-particle_enable=\"false\" data-particle-mobile-disabled=\"false\" class=\"elementor-element elementor-element-aff3f5c e-flex e-con-boxed e-con e-parent\" data-id=\"aff3f5c\" data-element_type=\"container\" data-e-type=\"container\">\n\t\t\t\t\t<div class=\"e-con-inner\">\n\t\t\t\t\t<\/div>\n\t\t\t\t<\/div>\n\t\t\t\t<\/div>","protected":false},"excerpt":{"rendered":"<p>Cookie Policy Last updated: 17 September 2025 Welcome to X Firewood Factory website!We use cookies to enhance your browsing experience, analyze website traffic, and deliver targeted advertising. This Cookie Policy explains how and why we use cookies. What Are Cookies? Cookies are small text files that a website saves on your computer or mobile device [&hellip;]<\/p>\n","protected":false},"author":2,"featured_media":0,"parent":0,"menu_order":0,"comment_status":"closed","ping_status":"closed","template":"","meta":{"content-type":"","footnotes":""},"class_list":["post-1759","page","type-page","status-publish","hentry"],"yoast_head":"<!-- This site is optimized with the Yoast SEO plugin v27.5 - https:\/\/yoast.com\/product\/yoast-seo-wordpress\/ -->\n<title>Cookies - X Firewood Factory<\/title>\n<meta name=\"robots\" content=\"index, follow, max-snippet:-1, max-image-preview:large, max-video-preview:-1\" \/>\n<link rel=\"canonical\" href=\"https:\/\/xfirewoodfactory.com\/fr\/cookies\/\" \/>\n<meta property=\"og:locale\" content=\"fr_FR\" \/>\n<meta property=\"og:type\" content=\"article\" \/>\n<meta property=\"og:title\" content=\"Cookies - X Firewood Factory\" \/>\n<meta property=\"og:description\" content=\"Cookie Policy Last updated: 17 September 2025 Welcome to X Firewood Factory website!We use cookies to enhance your browsing experience, analyze website traffic, and deliver targeted advertising. This Cookie Policy explains how and why we use cookies. What Are Cookies? Cookies are small text files that a website saves on your computer or mobile device [&hellip;]\" \/>\n<meta property=\"og:url\" content=\"https:\/\/xfirewoodfactory.com\/fr\/cookies\/\" \/>\n<meta property=\"og:site_name\" content=\"X Firewood Factory\" \/>\n<meta property=\"article:publisher\" content=\"https:\/\/www.facebook.com\/people\/X-Firewood-Factory\/61567749115787\/\" \/>\n<meta property=\"article:modified_time\" content=\"2025-11-25T13:09:25+00:00\" \/>\n<meta name=\"twitter:card\" content=\"summary_large_image\" \/>\n<script type=\"application\/ld+json\" class=\"yoast-schema-graph\">{\"@context\":\"https:\\\/\\\/schema.org\",\"@graph\":[{\"@type\":\"WebPage\",\"@id\":\"https:\\\/\\\/xfirewoodfactory.com\\\/cookies\\\/\",\"url\":\"https:\\\/\\\/xfirewoodfactory.com\\\/cookies\\\/\",\"name\":\"Cookies - X Firewood Factory\",\"isPartOf\":{\"@id\":\"https:\\\/\\\/xfirewoodfactory.com\\\/#website\"},\"datePublished\":\"2025-09-17T15:17:07+00:00\",\"dateModified\":\"2025-11-25T13:09:25+00:00\",\"breadcrumb\":{\"@id\":\"https:\\\/\\\/xfirewoodfactory.com\\\/cookies\\\/#breadcrumb\"},\"inLanguage\":\"fr-FR\",\"potentialAction\":[{\"@type\":\"ReadAction\",\"target\":[\"https:\\\/\\\/xfirewoodfactory.com\\\/cookies\\\/\"]}]},{\"@type\":\"BreadcrumbList\",\"@id\":\"https:\\\/\\\/xfirewoodfactory.com\\\/cookies\\\/#breadcrumb\",\"itemListElement\":[{\"@type\":\"ListItem\",\"position\":1,\"name\":\"Home\",\"item\":\"https:\\\/\\\/xfirewoodfactory.com\\\/\"},{\"@type\":\"ListItem\",\"position\":2,\"name\":\"Cookies\"}]},{\"@type\":\"WebSite\",\"@id\":\"https:\\\/\\\/xfirewoodfactory.com\\\/#website\",\"url\":\"https:\\\/\\\/xfirewoodfactory.com\\\/\",\"name\":\"X Firewood Factory\",\"description\":\"Superior performance for industrial use\",\"publisher\":{\"@id\":\"https:\\\/\\\/xfirewoodfactory.com\\\/#organization\"},\"potentialAction\":[{\"@type\":\"SearchAction\",\"target\":{\"@type\":\"EntryPoint\",\"urlTemplate\":\"https:\\\/\\\/xfirewoodfactory.com\\\/?s={search_term_string}\"},\"query-input\":{\"@type\":\"PropertyValueSpecification\",\"valueRequired\":true,\"valueName\":\"search_term_string\"}}],\"inLanguage\":\"fr-FR\"},{\"@type\":\"Organization\",\"@id\":\"https:\\\/\\\/xfirewoodfactory.com\\\/#organization\",\"name\":\"X Firewood Factory\",\"url\":\"https:\\\/\\\/xfirewoodfactory.com\\\/\",\"logo\":{\"@type\":\"ImageObject\",\"inLanguage\":\"fr-FR\",\"@id\":\"https:\\\/\\\/xfirewoodfactory.com\\\/#\\\/schema\\\/logo\\\/image\\\/\",\"url\":\"https:\\\/\\\/xfirewoodfactory.com\\\/wp-content\\\/uploads\\\/2025\\\/07\\\/XFF-logo_landscape-scaled.png\",\"contentUrl\":\"https:\\\/\\\/xfirewoodfactory.com\\\/wp-content\\\/uploads\\\/2025\\\/07\\\/XFF-logo_landscape-scaled.png\",\"width\":2560,\"height\":768,\"caption\":\"X Firewood Factory\"},\"image\":{\"@id\":\"https:\\\/\\\/xfirewoodfactory.com\\\/#\\\/schema\\\/logo\\\/image\\\/\"},\"sameAs\":[\"https:\\\/\\\/www.facebook.com\\\/people\\\/X-Firewood-Factory\\\/61567749115787\\\/\",\"https:\\\/\\\/www.youtube.com\\\/@XFirewoodFactory\",\"https:\\\/\\\/www.tiktok.com\\\/@x.firewood.factor\"]}]}<\/script>\n<!-- \/ Yoast SEO plugin. -->","yoast_head_json":{"title":"Cookies - X Firewood Factory","robots":{"index":"index","follow":"follow","max-snippet":"max-snippet:-1","max-image-preview":"max-image-preview:large","max-video-preview":"max-video-preview:-1"},"canonical":"https:\/\/xfirewoodfactory.com\/fr\/cookies\/","og_locale":"fr_FR","og_type":"article","og_title":"Cookies - X Firewood Factory","og_description":"Cookie Policy Last updated: 17 September 2025 Welcome to X Firewood Factory website!We use cookies to enhance your browsing experience, analyze website traffic, and deliver targeted advertising. This Cookie Policy explains how and why we use cookies. What Are Cookies? Cookies are small text files that a website saves on your computer or mobile device [&hellip;]","og_url":"https:\/\/xfirewoodfactory.com\/fr\/cookies\/","og_site_name":"X Firewood Factory","article_publisher":"https:\/\/www.facebook.com\/people\/X-Firewood-Factory\/61567749115787\/","article_modified_time":"2025-11-25T13:09:25+00:00","twitter_card":"summary_large_image","schema":{"@context":"https:\/\/schema.org","@graph":[{"@type":"WebPage","@id":"https:\/\/xfirewoodfactory.com\/cookies\/","url":"https:\/\/xfirewoodfactory.com\/cookies\/","name":"Cookies - X Firewood Factory","isPartOf":{"@id":"https:\/\/xfirewoodfactory.com\/#website"},"datePublished":"2025-09-17T15:17:07+00:00","dateModified":"2025-11-25T13:09:25+00:00","breadcrumb":{"@id":"https:\/\/xfirewoodfactory.com\/cookies\/#breadcrumb"},"inLanguage":"fr-FR","potentialAction":[{"@type":"ReadAction","target":["https:\/\/xfirewoodfactory.com\/cookies\/"]}]},{"@type":"BreadcrumbList","@id":"https:\/\/xfirewoodfactory.com\/cookies\/#breadcrumb","itemListElement":[{"@type":"ListItem","position":1,"name":"Home","item":"https:\/\/xfirewoodfactory.com\/"},{"@type":"ListItem","position":2,"name":"Cookies"}]},{"@type":"WebSite","@id":"https:\/\/xfirewoodfactory.com\/#website","url":"https:\/\/xfirewoodfactory.com\/","name":"X Usine de bois de chauffage","description":"Des performances sup\u00e9rieures pour une utilisation industrielle","publisher":{"@id":"https:\/\/xfirewoodfactory.com\/#organization"},"potentialAction":[{"@type":"SearchAction","target":{"@type":"EntryPoint","urlTemplate":"https:\/\/xfirewoodfactory.com\/?s={search_term_string}"},"query-input":{"@type":"PropertyValueSpecification","valueRequired":true,"valueName":"search_term_string"}}],"inLanguage":"fr-FR"},{"@type":"Organization","@id":"https:\/\/xfirewoodfactory.com\/#organization","name":"X Usine de bois de chauffage","url":"https:\/\/xfirewoodfactory.com\/","logo":{"@type":"ImageObject","inLanguage":"fr-FR","@id":"https:\/\/xfirewoodfactory.com\/#\/schema\/logo\/image\/","url":"https:\/\/xfirewoodfactory.com\/wp-content\/uploads\/2025\/07\/XFF-logo_landscape-scaled.png","contentUrl":"https:\/\/xfirewoodfactory.com\/wp-content\/uploads\/2025\/07\/XFF-logo_landscape-scaled.png","width":2560,"height":768,"caption":"X Firewood Factory"},"image":{"@id":"https:\/\/xfirewoodfactory.com\/#\/schema\/logo\/image\/"},"sameAs":["https:\/\/www.facebook.com\/people\/X-Firewood-Factory\/61567749115787\/","https:\/\/www.youtube.com\/@XFirewoodFactory","https:\/\/www.tiktok.com\/@x.firewood.factor"]}]}},"_links":{"self":[{"href":"https:\/\/xfirewoodfactory.com\/fr\/wp-json\/wp\/v2\/pages\/1759","targetHints":{"allow":["GET"]}}],"collection":[{"href":"https:\/\/xfirewoodfactory.com\/fr\/wp-json\/wp\/v2\/pages"}],"about":[{"href":"https:\/\/xfirewoodfactory.com\/fr\/wp-json\/wp\/v2\/types\/page"}],"author":[{"embeddable":true,"href":"https:\/\/xfirewoodfactory.com\/fr\/wp-json\/wp\/v2\/users\/2"}],"replies":[{"embeddable":true,"href":"https:\/\/xfirewoodfactory.com\/fr\/wp-json\/wp\/v2\/comments?post=1759"}],"version-history":[{"count":20,"href":"https:\/\/xfirewoodfactory.com\/fr\/wp-json\/wp\/v2\/pages\/1759\/revisions"}],"predecessor-version":[{"id":1994,"href":"https:\/\/xfirewoodfactory.com\/fr\/wp-json\/wp\/v2\/pages\/1759\/revisions\/1994"}],"wp:attachment":[{"href":"https:\/\/xfirewoodfactory.com\/fr\/wp-json\/wp\/v2\/media?parent=1759"}],"curies":[{"name":"wp","href":"https:\/\/api.w.org\/{rel}","templated":true}]}}