{"id":297,"date":"2025-07-02T12:42:05","date_gmt":"2025-07-02T12:42:05","guid":{"rendered":"https:\/\/xfirewoodfactory.com\/?page_id=297"},"modified":"2025-11-25T13:21:01","modified_gmt":"2025-11-25T13:21:01","slug":"news","status":"publish","type":"page","link":"https:\/\/xfirewoodfactory.com\/es\/news\/","title":{"rendered":"Noticias"},"content":{"rendered":"\t\t<div data-elementor-type=\"wp-page\" data-elementor-id=\"297\" class=\"elementor elementor-297\" data-elementor-post-type=\"page\">\n\t\t\t\t<div data-particle_enable=\"false\" data-particle-mobile-disabled=\"false\" class=\"elementor-element elementor-element-451dc5e e-con-full e-flex e-con e-parent\" data-id=\"451dc5e\" data-element_type=\"container\" data-e-type=\"container\" data-settings=\"{&quot;background_background&quot;:&quot;classic&quot;}\">\n\t\t<div data-particle_enable=\"false\" data-particle-mobile-disabled=\"false\" class=\"elementor-element elementor-element-130f380 e-con-full e-flex e-con e-child\" data-id=\"130f380\" data-element_type=\"container\" data-e-type=\"container\" data-settings=\"{&quot;sticky&quot;:&quot;top&quot;,&quot;sticky_offset&quot;:150,&quot;sticky_parent&quot;:&quot;yes&quot;,&quot;sticky_on&quot;:[&quot;desktop&quot;,&quot;laptop&quot;,&quot;tablet&quot;],&quot;sticky_offset_laptop&quot;:100,&quot;sticky_effects_offset&quot;:0,&quot;sticky_anchor_link_offset&quot;:0}\">\n\t\t<div data-particle_enable=\"false\" data-particle-mobile-disabled=\"false\" class=\"elementor-element elementor-element-270a803 e-con-full e-flex e-con e-child\" data-id=\"270a803\" data-element_type=\"container\" data-e-type=\"container\">\n\t\t\t\t<div class=\"elementor-element elementor-element-63ccf6d elementor-widget elementor-widget-heading\" data-id=\"63ccf6d\" data-element_type=\"widget\" data-e-type=\"widget\" data-widget_type=\"heading.default\">\n\t\t\t\t\t<h1 class=\"elementor-heading-title elementor-size-default\">NEWS<\/h1>\t\t\t\t<\/div>\n\t\t\t\t<div class=\"elementor-element elementor-element-b57279e elementor-widget elementor-widget-heading\" data-id=\"b57279e\" data-element_type=\"widget\" data-e-type=\"widget\" data-widget_type=\"heading.default\">\n\t\t\t\t\t<h2 class=\"elementor-heading-title elementor-size-default\">FEATURED POST<\/h2>\t\t\t\t<\/div>\n\t\t\t\t<\/div>\n\t\t\t\t<div class=\"elementor-element elementor-element-769174a elementor-grid-1 elementor-widget__width-initial elementor-grid-laptop-1 elementor-grid-tablet-1 elementor-posts--align-left elementor-grid-mobile-1 elementor-posts--thumbnail-top elementor-card-shadow-yes elementor-posts__hover-gradient elementor-widget elementor-widget-posts\" data-id=\"769174a\" data-element_type=\"widget\" data-e-type=\"widget\" data-settings=\"{&quot;cards_columns&quot;:&quot;1&quot;,&quot;cards_row_gap&quot;:{&quot;unit&quot;:&quot;px&quot;,&quot;size&quot;:50,&quot;sizes&quot;:[]},&quot;cards_columns_laptop&quot;:&quot;1&quot;,&quot;cards_columns_tablet&quot;:&quot;1&quot;,&quot;cards_row_gap_laptop&quot;:{&quot;unit&quot;:&quot;px&quot;,&quot;size&quot;:30,&quot;sizes&quot;:[]},&quot;cards_columns_mobile&quot;:&quot;1&quot;,&quot;cards_row_gap_tablet&quot;:{&quot;unit&quot;:&quot;px&quot;,&quot;size&quot;:&quot;&quot;,&quot;sizes&quot;:[]},&quot;cards_row_gap_mobile&quot;:{&quot;unit&quot;:&quot;px&quot;,&quot;size&quot;:&quot;&quot;,&quot;sizes&quot;:[]}}\" data-widget_type=\"posts.cards\">\n\t\t\t\t<div class=\"elementor-widget-container\">\n\t\t\t\t\t\t\t<div class=\"elementor-posts-container elementor-posts elementor-posts--skin-cards elementor-grid\" role=\"list\">\n\t\t\t\t<article class=\"elementor-post elementor-grid-item post-1379 post type-post status-publish format-standard has-post-thumbnail hentry category-news\" role=\"listitem\">\n\t\t\t<div class=\"elementor-post__card\">\n\t\t\t\t<a class=\"elementor-post__thumbnail__link\" href=\"https:\/\/xfirewoodfactory.com\/es\/news\/x-firewood-factory\/\" tabindex=\"-1\" ><div class=\"elementor-post__thumbnail\"><img fetchpriority=\"high\" decoding=\"async\" width=\"768\" height=\"461\" src=\"https:\/\/xfirewoodfactory.com\/wp-content\/uploads\/2025\/07\/One-person-firewood-factory-1-768x461.jpg\" class=\"attachment-medium_large size-medium_large wp-image-340\" alt=\"One person firewood factory\" srcset=\"https:\/\/xfirewoodfactory.com\/wp-content\/uploads\/2025\/07\/One-person-firewood-factory-1-768x461.jpg 768w, https:\/\/xfirewoodfactory.com\/wp-content\/uploads\/2025\/07\/One-person-firewood-factory-1-300x180.jpg 300w, https:\/\/xfirewoodfactory.com\/wp-content\/uploads\/2025\/07\/One-person-firewood-factory-1.jpg 1000w\" sizes=\"(max-width: 768px) 100vw, 768px\" \/><\/div><\/a>\n\t\t\t\t<div class=\"elementor-post__text\">\n\t\t\t\t<h3 class=\"elementor-post__title\">\n\t\t\t<a href=\"https:\/\/xfirewoodfactory.com\/es\/news\/x-firewood-factory\/\" >\n\t\t\t\tX Firewood Factory\u2122 \u2014 one line, almost any size\t\t\t<\/a>\n\t\t<\/h3>\n\t\t\t\t<div class=\"elementor-post__excerpt\">\n\t\t\t<p>Introducing X Firewood Factory \u2013 Built for professionals<\/p>\t\t<\/div>\n\t\t\t\t\t<div class=\"elementor-post__read-more-wrapper\">\n\t\t\n\t\t<a class=\"elementor-post__read-more\" href=\"https:\/\/xfirewoodfactory.com\/es\/news\/x-firewood-factory\/\" aria-label=\"M\u00e1s informaci\u00f3n sobre X Firewood Factory\u2122 \u2014 one line, almost any size\" tabindex=\"-1\" >\n\t\t\tRead now \u00bb\t\t<\/a>\n\n\t\t\t\t\t<\/div>\n\t\t\t\t<\/div>\n\t\t\t\t<div class=\"elementor-post__meta-data\">\n\t\t\t\t\t<span class=\"elementor-post-date\">\n\t\t\t20.8.2025\t\t<\/span>\n\t\t\t\t<\/div>\n\t\t\t\t\t<\/div>\n\t\t<\/article>\n\t\t\t\t<\/div>\n\t\t\n\t\t\t\t\t\t<\/div>\n\t\t\t\t<\/div>\n\t\t\t\t<\/div>\n\t\t<div data-particle_enable=\"false\" data-particle-mobile-disabled=\"false\" class=\"elementor-element elementor-element-0261147 e-con-full e-flex e-con e-child\" data-id=\"0261147\" data-element_type=\"container\" data-e-type=\"container\">\n\t\t\t\t<div class=\"elementor-element elementor-element-eba8baf elementor-grid-1 elementor-grid-tablet-1 elementor-grid-mobile-1 elementor-posts--thumbnail-top elementor-card-shadow-yes elementor-posts__hover-gradient elementor-widget elementor-widget-posts\" data-id=\"eba8baf\" data-element_type=\"widget\" data-e-type=\"widget\" data-settings=\"{&quot;cards_columns&quot;:&quot;1&quot;,&quot;cards_columns_tablet&quot;:&quot;1&quot;,&quot;cards_columns_mobile&quot;:&quot;1&quot;,&quot;cards_row_gap&quot;:{&quot;unit&quot;:&quot;px&quot;,&quot;size&quot;:35,&quot;sizes&quot;:[]},&quot;cards_row_gap_laptop&quot;:{&quot;unit&quot;:&quot;px&quot;,&quot;size&quot;:&quot;&quot;,&quot;sizes&quot;:[]},&quot;cards_row_gap_tablet&quot;:{&quot;unit&quot;:&quot;px&quot;,&quot;size&quot;:&quot;&quot;,&quot;sizes&quot;:[]},&quot;cards_row_gap_mobile&quot;:{&quot;unit&quot;:&quot;px&quot;,&quot;size&quot;:&quot;&quot;,&quot;sizes&quot;:[]}}\" data-widget_type=\"posts.cards\">\n\t\t\t\t<div class=\"elementor-widget-container\">\n\t\t\t\t\t\t\t<div class=\"elementor-posts-container elementor-posts elementor-posts--skin-cards elementor-grid\" role=\"list\">\n\t\t\t\t<article class=\"elementor-post elementor-grid-item post-1381 post type-post status-publish format-standard has-post-thumbnail hentry category-news\" role=\"listitem\">\n\t\t\t<div class=\"elementor-post__card\">\n\t\t\t\t<a class=\"elementor-post__thumbnail__link\" href=\"https:\/\/xfirewoodfactory.com\/es\/news\/x-firewood-factory-opens-deliveries-to-the-united-states\/\" tabindex=\"-1\" ><div class=\"elementor-post__thumbnail\"><img decoding=\"async\" width=\"1000\" height=\"600\" src=\"https:\/\/xfirewoodfactory.com\/wp-content\/uploads\/2025\/07\/One-person-firewood-factory-2.jpg\" class=\"attachment-full size-full wp-image-341\" alt=\"\" srcset=\"https:\/\/xfirewoodfactory.com\/wp-content\/uploads\/2025\/07\/One-person-firewood-factory-2.jpg 1000w, https:\/\/xfirewoodfactory.com\/wp-content\/uploads\/2025\/07\/One-person-firewood-factory-2-300x180.jpg 300w, https:\/\/xfirewoodfactory.com\/wp-content\/uploads\/2025\/07\/One-person-firewood-factory-2-768x461.jpg 768w\" sizes=\"(max-width: 1000px) 100vw, 1000px\" \/><\/div><\/a>\n\t\t\t\t<div class=\"elementor-post__text\">\n\t\t\t\t<h3 class=\"elementor-post__title\">\n\t\t\t<a href=\"https:\/\/xfirewoodfactory.com\/es\/news\/x-firewood-factory-opens-deliveries-to-the-united-states\/\" >\n\t\t\t\tX Firewood Factory\u2122 opens deliveries to the United States with Wolfe Ridge MFG and Hakmet Ltd.\t\t\t<\/a>\n\t\t<\/h3>\n\t\t\t\t<div class=\"elementor-post__excerpt\">\n\t\t\t<p>Deliveries open to The US with first units delivered<\/p>\t\t<\/div>\n\t\t\n\t\t<a class=\"elementor-post__read-more\" href=\"https:\/\/xfirewoodfactory.com\/es\/news\/x-firewood-factory-opens-deliveries-to-the-united-states\/\" aria-label=\"M\u00e1s informaci\u00f3n sobre X Firewood Factory\u2122 opens deliveries to the United States with Wolfe Ridge MFG and Hakmet Ltd.\" tabindex=\"-1\" >\n\t\t\tRead now \u00bb\t\t<\/a>\n\n\t\t\t\t<\/div>\n\t\t\t\t<div class=\"elementor-post__meta-data\">\n\t\t\t\t\t<span class=\"elementor-post-date\">\n\t\t\t20.8.2025\t\t<\/span>\n\t\t\t\t<\/div>\n\t\t\t\t\t<\/div>\n\t\t<\/article>\n\t\t\t\t<article class=\"elementor-post elementor-grid-item post-1383 post type-post status-publish format-standard has-post-thumbnail hentry category-news\" role=\"listitem\">\n\t\t\t<div class=\"elementor-post__card\">\n\t\t\t\t<a class=\"elementor-post__thumbnail__link\" href=\"https:\/\/xfirewoodfactory.com\/es\/news\/brennholz-steinle-and-x-firewood-factory\/\" tabindex=\"-1\" ><div class=\"elementor-post__thumbnail\"><img decoding=\"async\" width=\"1000\" height=\"600\" src=\"https:\/\/xfirewoodfactory.com\/wp-content\/uploads\/2025\/07\/One-person-firewood-factory.jpg\" class=\"attachment-full size-full wp-image-338\" alt=\"One person firewood factory\" srcset=\"https:\/\/xfirewoodfactory.com\/wp-content\/uploads\/2025\/07\/One-person-firewood-factory.jpg 1000w, https:\/\/xfirewoodfactory.com\/wp-content\/uploads\/2025\/07\/One-person-firewood-factory-300x180.jpg 300w, https:\/\/xfirewoodfactory.com\/wp-content\/uploads\/2025\/07\/One-person-firewood-factory-768x461.jpg 768w\" sizes=\"(max-width: 1000px) 100vw, 1000px\" \/><\/div><\/a>\n\t\t\t\t<div class=\"elementor-post__text\">\n\t\t\t\t<h3 class=\"elementor-post__title\">\n\t\t\t<a href=\"https:\/\/xfirewoodfactory.com\/es\/news\/brennholz-steinle-and-x-firewood-factory\/\" >\n\t\t\t\tBrennholz Steinle &amp; X Firewood Factory: Three decades of quality, two years of perfection\t\t\t<\/a>\n\t\t<\/h3>\n\t\t\t\t<div class=\"elementor-post__excerpt\">\n\t\t\t<p>Success story from Germany<\/p>\t\t<\/div>\n\t\t\n\t\t<a class=\"elementor-post__read-more\" href=\"https:\/\/xfirewoodfactory.com\/es\/news\/brennholz-steinle-and-x-firewood-factory\/\" aria-label=\"M\u00e1s informaci\u00f3n sobre Brennholz Steinle &amp; X Firewood Factory: Three decades of quality, two years of perfection\" tabindex=\"-1\" >\n\t\t\tRead now \u00bb\t\t<\/a>\n\n\t\t\t\t<\/div>\n\t\t\t\t<div class=\"elementor-post__meta-data\">\n\t\t\t\t\t<span class=\"elementor-post-date\">\n\t\t\t20.8.2025\t\t<\/span>\n\t\t\t\t<\/div>\n\t\t\t\t\t<\/div>\n\t\t<\/article>\n\t\t\t\t<\/div>\n\t\t\n\t\t\t\t\t\t<\/div>\n\t\t\t\t<\/div>\n\t\t\t\t<\/div>\n\t\t\t\t<\/div>\n\t\t\t\t<\/div>\n\t\t","protected":false},"excerpt":{"rendered":"<p>NOTICIAS ART\u00cdCULO DESTACADO<\/p>","protected":false},"author":2,"featured_media":0,"parent":0,"menu_order":0,"comment_status":"closed","ping_status":"closed","template":"","meta":{"content-type":"","footnotes":""},"class_list":["post-297","page","type-page","status-publish","hentry"],"yoast_head":"<!-- This site is optimized with the Yoast SEO plugin v27.5 - https:\/\/yoast.com\/product\/yoast-seo-wordpress\/ -->\n<title>News - X Firewood Factory<\/title>\n<meta name=\"description\" content=\"Get the latest announcements, company news, and progress updates from X Firewood Factory. Follow innovations shaping modern firewood production.\" \/>\n<meta name=\"robots\" content=\"index, follow, max-snippet:-1, max-image-preview:large, max-video-preview:-1\" \/>\n<link rel=\"canonical\" href=\"https:\/\/xfirewoodfactory.com\/es\/news\/\" \/>\n<meta property=\"og:locale\" content=\"es_ES\" \/>\n<meta property=\"og:type\" content=\"article\" \/>\n<meta property=\"og:title\" content=\"News - X Firewood Factory\" \/>\n<meta property=\"og:description\" content=\"Get the latest announcements, company news, and progress updates from X Firewood Factory. Follow innovations shaping modern firewood production.\" \/>\n<meta property=\"og:url\" content=\"https:\/\/xfirewoodfactory.com\/es\/news\/\" \/>\n<meta property=\"og:site_name\" content=\"X Firewood Factory\" \/>\n<meta property=\"article:publisher\" content=\"https:\/\/www.facebook.com\/people\/X-Firewood-Factory\/61567749115787\/\" \/>\n<meta property=\"article:modified_time\" content=\"2025-11-25T13:21:01+00:00\" \/>\n<meta name=\"twitter:card\" content=\"summary_large_image\" \/>\n<script type=\"application\/ld+json\" class=\"yoast-schema-graph\">{\"@context\":\"https:\\\/\\\/schema.org\",\"@graph\":[{\"@type\":\"WebPage\",\"@id\":\"https:\\\/\\\/xfirewoodfactory.com\\\/news\\\/\",\"url\":\"https:\\\/\\\/xfirewoodfactory.com\\\/news\\\/\",\"name\":\"News - X Firewood Factory\",\"isPartOf\":{\"@id\":\"https:\\\/\\\/xfirewoodfactory.com\\\/#website\"},\"datePublished\":\"2025-07-02T12:42:05+00:00\",\"dateModified\":\"2025-11-25T13:21:01+00:00\",\"description\":\"Get the latest announcements, company news, and progress updates from X Firewood Factory. Follow innovations shaping modern firewood production.\",\"breadcrumb\":{\"@id\":\"https:\\\/\\\/xfirewoodfactory.com\\\/news\\\/#breadcrumb\"},\"inLanguage\":\"es\",\"potentialAction\":[{\"@type\":\"ReadAction\",\"target\":[\"https:\\\/\\\/xfirewoodfactory.com\\\/news\\\/\"]}]},{\"@type\":\"BreadcrumbList\",\"@id\":\"https:\\\/\\\/xfirewoodfactory.com\\\/news\\\/#breadcrumb\",\"itemListElement\":[{\"@type\":\"ListItem\",\"position\":1,\"name\":\"Home\",\"item\":\"https:\\\/\\\/xfirewoodfactory.com\\\/\"},{\"@type\":\"ListItem\",\"position\":2,\"name\":\"News\"}]},{\"@type\":\"WebSite\",\"@id\":\"https:\\\/\\\/xfirewoodfactory.com\\\/#website\",\"url\":\"https:\\\/\\\/xfirewoodfactory.com\\\/\",\"name\":\"X Firewood Factory\",\"description\":\"Superior performance for industrial use\",\"publisher\":{\"@id\":\"https:\\\/\\\/xfirewoodfactory.com\\\/#organization\"},\"potentialAction\":[{\"@type\":\"SearchAction\",\"target\":{\"@type\":\"EntryPoint\",\"urlTemplate\":\"https:\\\/\\\/xfirewoodfactory.com\\\/?s={search_term_string}\"},\"query-input\":{\"@type\":\"PropertyValueSpecification\",\"valueRequired\":true,\"valueName\":\"search_term_string\"}}],\"inLanguage\":\"es\"},{\"@type\":\"Organization\",\"@id\":\"https:\\\/\\\/xfirewoodfactory.com\\\/#organization\",\"name\":\"X Firewood Factory\",\"url\":\"https:\\\/\\\/xfirewoodfactory.com\\\/\",\"logo\":{\"@type\":\"ImageObject\",\"inLanguage\":\"es\",\"@id\":\"https:\\\/\\\/xfirewoodfactory.com\\\/#\\\/schema\\\/logo\\\/image\\\/\",\"url\":\"https:\\\/\\\/xfirewoodfactory.com\\\/wp-content\\\/uploads\\\/2025\\\/07\\\/XFF-logo_landscape-scaled.png\",\"contentUrl\":\"https:\\\/\\\/xfirewoodfactory.com\\\/wp-content\\\/uploads\\\/2025\\\/07\\\/XFF-logo_landscape-scaled.png\",\"width\":2560,\"height\":768,\"caption\":\"X Firewood Factory\"},\"image\":{\"@id\":\"https:\\\/\\\/xfirewoodfactory.com\\\/#\\\/schema\\\/logo\\\/image\\\/\"},\"sameAs\":[\"https:\\\/\\\/www.facebook.com\\\/people\\\/X-Firewood-Factory\\\/61567749115787\\\/\",\"https:\\\/\\\/www.youtube.com\\\/@XFirewoodFactory\",\"https:\\\/\\\/www.tiktok.com\\\/@x.firewood.factor\"]}]}<\/script>\n<!-- \/ Yoast SEO plugin. -->","yoast_head_json":{"title":"Noticias - X F\u00e1brica de le\u00f1a","description":"Reciba los \u00faltimos anuncios, noticias de la empresa y avances de X Firewood Factory. Siga las innovaciones que dan forma a la producci\u00f3n moderna de le\u00f1a.","robots":{"index":"index","follow":"follow","max-snippet":"max-snippet:-1","max-image-preview":"max-image-preview:large","max-video-preview":"max-video-preview:-1"},"canonical":"https:\/\/xfirewoodfactory.com\/es\/news\/","og_locale":"es_ES","og_type":"article","og_title":"News - X Firewood Factory","og_description":"Get the latest announcements, company news, and progress updates from X Firewood Factory. Follow innovations shaping modern firewood production.","og_url":"https:\/\/xfirewoodfactory.com\/es\/news\/","og_site_name":"X Firewood Factory","article_publisher":"https:\/\/www.facebook.com\/people\/X-Firewood-Factory\/61567749115787\/","article_modified_time":"2025-11-25T13:21:01+00:00","twitter_card":"summary_large_image","schema":{"@context":"https:\/\/schema.org","@graph":[{"@type":"WebPage","@id":"https:\/\/xfirewoodfactory.com\/news\/","url":"https:\/\/xfirewoodfactory.com\/news\/","name":"Noticias - X F\u00e1brica de le\u00f1a","isPartOf":{"@id":"https:\/\/xfirewoodfactory.com\/#website"},"datePublished":"2025-07-02T12:42:05+00:00","dateModified":"2025-11-25T13:21:01+00:00","description":"Reciba los \u00faltimos anuncios, noticias de la empresa y avances de X Firewood Factory. Siga las innovaciones que dan forma a la producci\u00f3n moderna de le\u00f1a.","breadcrumb":{"@id":"https:\/\/xfirewoodfactory.com\/news\/#breadcrumb"},"inLanguage":"es","potentialAction":[{"@type":"ReadAction","target":["https:\/\/xfirewoodfactory.com\/news\/"]}]},{"@type":"BreadcrumbList","@id":"https:\/\/xfirewoodfactory.com\/news\/#breadcrumb","itemListElement":[{"@type":"ListItem","position":1,"name":"Home","item":"https:\/\/xfirewoodfactory.com\/"},{"@type":"ListItem","position":2,"name":"News"}]},{"@type":"WebSite","@id":"https:\/\/xfirewoodfactory.com\/#website","url":"https:\/\/xfirewoodfactory.com\/","name":"X F\u00e1brica de le\u00f1a&nbsp;","description":"Rendimiento superior para uso industrial","publisher":{"@id":"https:\/\/xfirewoodfactory.com\/#organization"},"potentialAction":[{"@type":"SearchAction","target":{"@type":"EntryPoint","urlTemplate":"https:\/\/xfirewoodfactory.com\/?s={search_term_string}"},"query-input":{"@type":"PropertyValueSpecification","valueRequired":true,"valueName":"search_term_string"}}],"inLanguage":"es"},{"@type":"Organization","@id":"https:\/\/xfirewoodfactory.com\/#organization","name":"X F\u00e1brica de le\u00f1a&nbsp;","url":"https:\/\/xfirewoodfactory.com\/","logo":{"@type":"ImageObject","inLanguage":"es","@id":"https:\/\/xfirewoodfactory.com\/#\/schema\/logo\/image\/","url":"https:\/\/xfirewoodfactory.com\/wp-content\/uploads\/2025\/07\/XFF-logo_landscape-scaled.png","contentUrl":"https:\/\/xfirewoodfactory.com\/wp-content\/uploads\/2025\/07\/XFF-logo_landscape-scaled.png","width":2560,"height":768,"caption":"X Firewood Factory"},"image":{"@id":"https:\/\/xfirewoodfactory.com\/#\/schema\/logo\/image\/"},"sameAs":["https:\/\/www.facebook.com\/people\/X-Firewood-Factory\/61567749115787\/","https:\/\/www.youtube.com\/@XFirewoodFactory","https:\/\/www.tiktok.com\/@x.firewood.factor"]}]}},"_links":{"self":[{"href":"https:\/\/xfirewoodfactory.com\/es\/wp-json\/wp\/v2\/pages\/297","targetHints":{"allow":["GET"]}}],"collection":[{"href":"https:\/\/xfirewoodfactory.com\/es\/wp-json\/wp\/v2\/pages"}],"about":[{"href":"https:\/\/xfirewoodfactory.com\/es\/wp-json\/wp\/v2\/types\/page"}],"author":[{"embeddable":true,"href":"https:\/\/xfirewoodfactory.com\/es\/wp-json\/wp\/v2\/users\/2"}],"replies":[{"embeddable":true,"href":"https:\/\/xfirewoodfactory.com\/es\/wp-json\/wp\/v2\/comments?post=297"}],"version-history":[{"count":20,"href":"https:\/\/xfirewoodfactory.com\/es\/wp-json\/wp\/v2\/pages\/297\/revisions"}],"predecessor-version":[{"id":2019,"href":"https:\/\/xfirewoodfactory.com\/es\/wp-json\/wp\/v2\/pages\/297\/revisions\/2019"}],"wp:attachment":[{"href":"https:\/\/xfirewoodfactory.com\/es\/wp-json\/wp\/v2\/media?parent=297"}],"curies":[{"name":"wp","href":"https:\/\/api.w.org\/{rel}","templated":true}]}}