{"id":1759,"date":"2025-09-17T15:17:07","date_gmt":"2025-09-17T15:17:07","guid":{"rendered":"https:\/\/xfirewoodfactory.com\/?page_id=1759"},"modified":"2025-11-25T13:09:25","modified_gmt":"2025-11-25T13:09:25","slug":"cookies","status":"publish","type":"page","link":"https:\/\/xfirewoodfactory.com\/es\/cookies\/","title":{"rendered":"Cookies"},"content":{"rendered":"<div data-elementor-type=\"wp-page\" data-elementor-id=\"1759\" class=\"elementor elementor-1759\" data-elementor-post-type=\"page\">\n\t\t\t\t<div data-particle_enable=\"false\" data-particle-mobile-disabled=\"false\" class=\"elementor-element elementor-element-1433ed4f e-con-full e-flex e-con e-parent\" data-id=\"1433ed4f\" data-element_type=\"container\" data-e-type=\"container\" data-settings=\"{&quot;background_background&quot;:&quot;classic&quot;}\">\n\t\t<div data-particle_enable=\"false\" data-particle-mobile-disabled=\"false\" class=\"elementor-element elementor-element-16dfee43 e-con-full e-flex e-con e-child\" data-id=\"16dfee43\" data-element_type=\"container\" data-e-type=\"container\">\n\t\t\t\t<div class=\"elementor-element elementor-element-7983b26b elementor-widget__width-initial elementor-widget elementor-widget-text-editor\" data-id=\"7983b26b\" data-element_type=\"widget\" data-e-type=\"widget\" data-widget_type=\"text-editor.default\">\n\t\t\t\t\t\t\t\t\t<h2 data-start=\"89\" data-end=\"104\"><strong>Pol\u00edtica de cookies<\/strong><\/h2>\n<p class=\"\" data-start=\"106\" data-end=\"162\"><strong data-start=\"106\" data-end=\"162\">\u00daltima actualizaci\u00f3n: 17 de septiembre de 2025<\/strong><\/p>\n<p class=\"\" data-start=\"164\" data-end=\"364\">Bienvenido al sitio web de X Firewood Factory<br data-start=\"195\" data-end=\"198\">Utilizamos cookies para mejorar su experiencia de navegaci\u00f3n, analizar el tr\u00e1fico del sitio web y ofrecer publicidad personalizada. Esta Pol\u00edtica de Cookies explica c\u00f3mo y por qu\u00e9 utilizamos cookies.<\/p>\n<h4 data-start=\"366\" data-end=\"386\"><strong>\u00bfQu\u00e9 son las cookies?<\/strong><\/h4>\n<p class=\"\" data-start=\"388\" data-end=\"750\">Las cookies son peque\u00f1os archivos de texto que un sitio web guarda en su ordenador o dispositivo m\u00f3vil cuando lo visita. Permiten que el sitio web recuerde sus acciones y preferencias (como el inicio de sesi\u00f3n, el idioma, el tama\u00f1o de letra y otras preferencias de visualizaci\u00f3n) durante un periodo determinado, para que no tenga que volver a introducirlas cada vez que regrese al sitio o navegue de una p\u00e1gina a otra.<\/p>\n<h4 data-start=\"752\" data-end=\"773\"><strong>C\u00f3mo utilizamos las cookies<\/strong><\/h4>\n<p class=\"\" data-start=\"775\" data-end=\"825\">X Firewood Factory utiliza cookies con los siguientes fines:<\/p>\n<ul data-start=\"827\" data-end=\"1545\">\n<li class=\"\" data-start=\"827\" data-end=\"945\">\n<p class=\"\" data-start=\"829\" data-end=\"945\"><strong data-start=\"829\" data-end=\"850\">Galletas esenciales<\/strong>: Estas cookies son necesarias para la funcionalidad b\u00e1sica del sitio web y est\u00e1n siempre activas.<\/p>\n<\/li>\n<li class=\"\" data-start=\"946\" data-end=\"1177\">\n<p class=\"\" data-start=\"948\" data-end=\"1177\"><strong data-start=\"948\" data-end=\"985\">Cookies de rendimiento y an\u00e1lisis<\/strong>: Estas cookies recopilan informaci\u00f3n sobre c\u00f3mo utiliza el sitio web, como las p\u00e1ginas que visita con m\u00e1s frecuencia. Utilizamos esta informaci\u00f3n para mejorar la funcionalidad del sitio web y la experiencia del usuario.<\/p>\n<\/li>\n<li class=\"\" data-start=\"1178\" data-end=\"1367\">\n<p class=\"\" data-start=\"1180\" data-end=\"1367\"><strong data-start=\"1180\" data-end=\"1205\">Cookies de funcionalidad<\/strong>: Estas cookies permiten que el sitio web recuerde las elecciones que ha hecho (como su nombre de usuario, idioma o regi\u00f3n) y proporciona funciones mejoradas y m\u00e1s personalizadas.<\/p>\n<\/li>\n<li class=\"\" data-start=\"1368\" data-end=\"1545\">\n<p class=\"\" data-start=\"1370\" data-end=\"1545\"><strong data-start=\"1370\" data-end=\"1407\">Cookies publicitarias y de segmentaci\u00f3n<\/strong>: Estas cookies recopilan informaci\u00f3n sobre sus h\u00e1bitos de navegaci\u00f3n para ofrecerle anuncios m\u00e1s relevantes para usted y sus intereses.<\/p>\n<\/li>\n<\/ul>\n<h4 data-start=\"1547\" data-end=\"1573\"><strong>\u00bfQu\u00e9 cookies utilizamos?<\/strong><\/h4>\n<p class=\"\" data-start=\"1575\" data-end=\"1614\">En nuestro sitio web utilizamos cookies de Google y Facebook.<\/p>\n<p class=\"\" data-start=\"1616\" data-end=\"1848\">En concreto, utilizamos&nbsp;<strong data-start=\"1637\" data-end=\"1657\">Google Analytics<\/strong>, Google Analytics, un servicio anal\u00edtico de web prestado por Google, para comprender c\u00f3mo utilizan los visitantes nuestro sitio y ayudarnos a mejorarlo. Google Analytics utiliza cookies para recopilar y analizar datos sobre el uso del sitio web.<\/p>\n<h4 data-start=\"1850\" data-end=\"1883\"><strong>Gestione sus preferencias de cookies<\/strong><\/h4>\n<p class=\"\" data-start=\"1885\" data-end=\"2253\">Tiene derecho a gestionar y\/o eliminar las cookies libremente.<br data-start=\"1943\" data-end=\"1946\">Puede eliminar todas las cookies que ya est\u00e9n almacenadas en su ordenador y configurar la mayor\u00eda de los navegadores para que impidan su instalaci\u00f3n. Sin embargo, tenga en cuenta que si lo hace, es posible que tenga que ajustar manualmente algunos par\u00e1metros cada vez que visite el sitio web, y que algunos servicios y funcionalidades no funcionen correctamente.<\/p>\n<p class=\"\" data-start=\"2255\" data-end=\"2439\">Puede gestionar directamente sus preferencias de cookies en nuestro sitio web utilizando el icono CookieBot situado en la esquina inferior izquierda de la p\u00e1gina, donde podr\u00e1 establecer la configuraci\u00f3n de cookies que prefiera.<\/p>\n<h4 data-start=\"2441\" data-end=\"2463\"><strong>Informaci\u00f3n de contacto<\/strong><\/h4>\n<p class=\"\" data-start=\"2465\" data-end=\"2563\">Si tiene alguna pregunta sobre nuestra Pol\u00edtica de Cookies, p\u00f3ngase en contacto con nosotros en:<br data-start=\"2541\" data-end=\"2544\">info@xfirewoodfactory.com<\/p>\t\t\t\t\t\t\t\t<\/div>\n\t\t\t\t<div class=\"elementor-element elementor-element-3e828004 elementor-widget elementor-widget-heading\" data-id=\"3e828004\" data-element_type=\"widget\" data-e-type=\"widget\" data-widget_type=\"heading.default\">\n\t\t\t\t\t<h2 class=\"elementor-heading-title elementor-size-default\">Informaci\u00f3n sobre cookies:<\/h2>\t\t\t\t<\/div>\n\t\t\t\t<div class=\"elementor-element elementor-element-3513a6bd elementor-widget elementor-widget-html\" data-id=\"3513a6bd\" data-element_type=\"widget\" data-e-type=\"widget\" data-widget_type=\"html.default\">\n\t\t\t\t\t<script id=\"CookieDeclaration\" src=\"https:\/\/consent.cookiebot.com\/d3262a4f-fa9b-4042-98c2-b22b2cf1d638\/cd.js\" type=\"text\/javascript\" async><\/script>\t\t\t\t<\/div>\n\t\t\t\t<\/div>\n\t\t\t\t<\/div>\n\t\t<div data-particle_enable=\"false\" data-particle-mobile-disabled=\"false\" class=\"elementor-element elementor-element-aff3f5c e-flex e-con-boxed e-con e-parent\" data-id=\"aff3f5c\" data-element_type=\"container\" data-e-type=\"container\">\n\t\t\t\t\t<div class=\"e-con-inner\">\n\t\t\t\t\t<\/div>\n\t\t\t\t<\/div>\n\t\t\t\t<\/div>","protected":false},"excerpt":{"rendered":"<p>Cookie Policy Last updated: 17 September 2025 Welcome to X Firewood Factory website!We use cookies to enhance your browsing experience, analyze website traffic, and deliver targeted advertising. This Cookie Policy explains how and why we use cookies. What Are Cookies? Cookies are small text files that a website saves on your computer or mobile device [&hellip;]<\/p>\n","protected":false},"author":2,"featured_media":0,"parent":0,"menu_order":0,"comment_status":"closed","ping_status":"closed","template":"","meta":{"content-type":"","footnotes":""},"class_list":["post-1759","page","type-page","status-publish","hentry"],"yoast_head":"<!-- This site is optimized with the Yoast SEO plugin v27.5 - https:\/\/yoast.com\/product\/yoast-seo-wordpress\/ -->\n<title>Cookies - X Firewood Factory<\/title>\n<meta name=\"robots\" content=\"index, follow, max-snippet:-1, max-image-preview:large, max-video-preview:-1\" \/>\n<link rel=\"canonical\" href=\"https:\/\/xfirewoodfactory.com\/es\/cookies\/\" \/>\n<meta property=\"og:locale\" content=\"es_ES\" \/>\n<meta property=\"og:type\" content=\"article\" \/>\n<meta property=\"og:title\" content=\"Cookies - X Firewood Factory\" \/>\n<meta property=\"og:description\" content=\"Cookie Policy Last updated: 17 September 2025 Welcome to X Firewood Factory website!We use cookies to enhance your browsing experience, analyze website traffic, and deliver targeted advertising. This Cookie Policy explains how and why we use cookies. What Are Cookies? Cookies are small text files that a website saves on your computer or mobile device [&hellip;]\" \/>\n<meta property=\"og:url\" content=\"https:\/\/xfirewoodfactory.com\/es\/cookies\/\" \/>\n<meta property=\"og:site_name\" content=\"X Firewood Factory\" \/>\n<meta property=\"article:publisher\" content=\"https:\/\/www.facebook.com\/people\/X-Firewood-Factory\/61567749115787\/\" \/>\n<meta property=\"article:modified_time\" content=\"2025-11-25T13:09:25+00:00\" \/>\n<meta name=\"twitter:card\" content=\"summary_large_image\" \/>\n<script type=\"application\/ld+json\" class=\"yoast-schema-graph\">{\"@context\":\"https:\\\/\\\/schema.org\",\"@graph\":[{\"@type\":\"WebPage\",\"@id\":\"https:\\\/\\\/xfirewoodfactory.com\\\/cookies\\\/\",\"url\":\"https:\\\/\\\/xfirewoodfactory.com\\\/cookies\\\/\",\"name\":\"Cookies - X Firewood Factory\",\"isPartOf\":{\"@id\":\"https:\\\/\\\/xfirewoodfactory.com\\\/#website\"},\"datePublished\":\"2025-09-17T15:17:07+00:00\",\"dateModified\":\"2025-11-25T13:09:25+00:00\",\"breadcrumb\":{\"@id\":\"https:\\\/\\\/xfirewoodfactory.com\\\/cookies\\\/#breadcrumb\"},\"inLanguage\":\"es\",\"potentialAction\":[{\"@type\":\"ReadAction\",\"target\":[\"https:\\\/\\\/xfirewoodfactory.com\\\/cookies\\\/\"]}]},{\"@type\":\"BreadcrumbList\",\"@id\":\"https:\\\/\\\/xfirewoodfactory.com\\\/cookies\\\/#breadcrumb\",\"itemListElement\":[{\"@type\":\"ListItem\",\"position\":1,\"name\":\"Home\",\"item\":\"https:\\\/\\\/xfirewoodfactory.com\\\/\"},{\"@type\":\"ListItem\",\"position\":2,\"name\":\"Cookies\"}]},{\"@type\":\"WebSite\",\"@id\":\"https:\\\/\\\/xfirewoodfactory.com\\\/#website\",\"url\":\"https:\\\/\\\/xfirewoodfactory.com\\\/\",\"name\":\"X Firewood Factory\",\"description\":\"Superior performance for industrial use\",\"publisher\":{\"@id\":\"https:\\\/\\\/xfirewoodfactory.com\\\/#organization\"},\"potentialAction\":[{\"@type\":\"SearchAction\",\"target\":{\"@type\":\"EntryPoint\",\"urlTemplate\":\"https:\\\/\\\/xfirewoodfactory.com\\\/?s={search_term_string}\"},\"query-input\":{\"@type\":\"PropertyValueSpecification\",\"valueRequired\":true,\"valueName\":\"search_term_string\"}}],\"inLanguage\":\"es\"},{\"@type\":\"Organization\",\"@id\":\"https:\\\/\\\/xfirewoodfactory.com\\\/#organization\",\"name\":\"X Firewood Factory\",\"url\":\"https:\\\/\\\/xfirewoodfactory.com\\\/\",\"logo\":{\"@type\":\"ImageObject\",\"inLanguage\":\"es\",\"@id\":\"https:\\\/\\\/xfirewoodfactory.com\\\/#\\\/schema\\\/logo\\\/image\\\/\",\"url\":\"https:\\\/\\\/xfirewoodfactory.com\\\/wp-content\\\/uploads\\\/2025\\\/07\\\/XFF-logo_landscape-scaled.png\",\"contentUrl\":\"https:\\\/\\\/xfirewoodfactory.com\\\/wp-content\\\/uploads\\\/2025\\\/07\\\/XFF-logo_landscape-scaled.png\",\"width\":2560,\"height\":768,\"caption\":\"X Firewood Factory\"},\"image\":{\"@id\":\"https:\\\/\\\/xfirewoodfactory.com\\\/#\\\/schema\\\/logo\\\/image\\\/\"},\"sameAs\":[\"https:\\\/\\\/www.facebook.com\\\/people\\\/X-Firewood-Factory\\\/61567749115787\\\/\",\"https:\\\/\\\/www.youtube.com\\\/@XFirewoodFactory\",\"https:\\\/\\\/www.tiktok.com\\\/@x.firewood.factor\"]}]}<\/script>\n<!-- \/ Yoast SEO plugin. -->","yoast_head_json":{"title":"Galletas - X Firewood Factory","robots":{"index":"index","follow":"follow","max-snippet":"max-snippet:-1","max-image-preview":"max-image-preview:large","max-video-preview":"max-video-preview:-1"},"canonical":"https:\/\/xfirewoodfactory.com\/es\/cookies\/","og_locale":"es_ES","og_type":"article","og_title":"Cookies - X Firewood Factory","og_description":"Cookie Policy Last updated: 17 September 2025 Welcome to X Firewood Factory website!We use cookies to enhance your browsing experience, analyze website traffic, and deliver targeted advertising. This Cookie Policy explains how and why we use cookies. What Are Cookies? Cookies are small text files that a website saves on your computer or mobile device [&hellip;]","og_url":"https:\/\/xfirewoodfactory.com\/es\/cookies\/","og_site_name":"X Firewood Factory","article_publisher":"https:\/\/www.facebook.com\/people\/X-Firewood-Factory\/61567749115787\/","article_modified_time":"2025-11-25T13:09:25+00:00","twitter_card":"summary_large_image","schema":{"@context":"https:\/\/schema.org","@graph":[{"@type":"WebPage","@id":"https:\/\/xfirewoodfactory.com\/cookies\/","url":"https:\/\/xfirewoodfactory.com\/cookies\/","name":"Galletas - X Firewood Factory","isPartOf":{"@id":"https:\/\/xfirewoodfactory.com\/#website"},"datePublished":"2025-09-17T15:17:07+00:00","dateModified":"2025-11-25T13:09:25+00:00","breadcrumb":{"@id":"https:\/\/xfirewoodfactory.com\/cookies\/#breadcrumb"},"inLanguage":"es","potentialAction":[{"@type":"ReadAction","target":["https:\/\/xfirewoodfactory.com\/cookies\/"]}]},{"@type":"BreadcrumbList","@id":"https:\/\/xfirewoodfactory.com\/cookies\/#breadcrumb","itemListElement":[{"@type":"ListItem","position":1,"name":"Home","item":"https:\/\/xfirewoodfactory.com\/"},{"@type":"ListItem","position":2,"name":"Cookies"}]},{"@type":"WebSite","@id":"https:\/\/xfirewoodfactory.com\/#website","url":"https:\/\/xfirewoodfactory.com\/","name":"X F\u00e1brica de le\u00f1a&nbsp;","description":"Rendimiento superior para uso industrial","publisher":{"@id":"https:\/\/xfirewoodfactory.com\/#organization"},"potentialAction":[{"@type":"SearchAction","target":{"@type":"EntryPoint","urlTemplate":"https:\/\/xfirewoodfactory.com\/?s={search_term_string}"},"query-input":{"@type":"PropertyValueSpecification","valueRequired":true,"valueName":"search_term_string"}}],"inLanguage":"es"},{"@type":"Organization","@id":"https:\/\/xfirewoodfactory.com\/#organization","name":"X F\u00e1brica de le\u00f1a&nbsp;","url":"https:\/\/xfirewoodfactory.com\/","logo":{"@type":"ImageObject","inLanguage":"es","@id":"https:\/\/xfirewoodfactory.com\/#\/schema\/logo\/image\/","url":"https:\/\/xfirewoodfactory.com\/wp-content\/uploads\/2025\/07\/XFF-logo_landscape-scaled.png","contentUrl":"https:\/\/xfirewoodfactory.com\/wp-content\/uploads\/2025\/07\/XFF-logo_landscape-scaled.png","width":2560,"height":768,"caption":"X Firewood Factory"},"image":{"@id":"https:\/\/xfirewoodfactory.com\/#\/schema\/logo\/image\/"},"sameAs":["https:\/\/www.facebook.com\/people\/X-Firewood-Factory\/61567749115787\/","https:\/\/www.youtube.com\/@XFirewoodFactory","https:\/\/www.tiktok.com\/@x.firewood.factor"]}]}},"_links":{"self":[{"href":"https:\/\/xfirewoodfactory.com\/es\/wp-json\/wp\/v2\/pages\/1759","targetHints":{"allow":["GET"]}}],"collection":[{"href":"https:\/\/xfirewoodfactory.com\/es\/wp-json\/wp\/v2\/pages"}],"about":[{"href":"https:\/\/xfirewoodfactory.com\/es\/wp-json\/wp\/v2\/types\/page"}],"author":[{"embeddable":true,"href":"https:\/\/xfirewoodfactory.com\/es\/wp-json\/wp\/v2\/users\/2"}],"replies":[{"embeddable":true,"href":"https:\/\/xfirewoodfactory.com\/es\/wp-json\/wp\/v2\/comments?post=1759"}],"version-history":[{"count":20,"href":"https:\/\/xfirewoodfactory.com\/es\/wp-json\/wp\/v2\/pages\/1759\/revisions"}],"predecessor-version":[{"id":1994,"href":"https:\/\/xfirewoodfactory.com\/es\/wp-json\/wp\/v2\/pages\/1759\/revisions\/1994"}],"wp:attachment":[{"href":"https:\/\/xfirewoodfactory.com\/es\/wp-json\/wp\/v2\/media?parent=1759"}],"curies":[{"name":"wp","href":"https:\/\/api.w.org\/{rel}","templated":true}]}}