{"id":1759,"date":"2025-09-17T15:17:07","date_gmt":"2025-09-17T15:17:07","guid":{"rendered":"https:\/\/xfirewoodfactory.com\/?page_id=1759"},"modified":"2025-11-25T13:09:25","modified_gmt":"2025-11-25T13:09:25","slug":"cookies","status":"publish","type":"page","link":"https:\/\/xfirewoodfactory.com\/de\/cookies\/","title":{"rendered":"Cookies"},"content":{"rendered":"<div data-elementor-type=\"wp-page\" data-elementor-id=\"1759\" class=\"elementor elementor-1759\" data-elementor-post-type=\"page\">\n\t\t\t\t<div data-particle_enable=\"false\" data-particle-mobile-disabled=\"false\" class=\"elementor-element elementor-element-1433ed4f e-con-full e-flex e-con e-parent\" data-id=\"1433ed4f\" data-element_type=\"container\" data-e-type=\"container\" data-settings=\"{&quot;background_background&quot;:&quot;classic&quot;}\">\n\t\t<div data-particle_enable=\"false\" data-particle-mobile-disabled=\"false\" class=\"elementor-element elementor-element-16dfee43 e-con-full e-flex e-con e-child\" data-id=\"16dfee43\" data-element_type=\"container\" data-e-type=\"container\">\n\t\t\t\t<div class=\"elementor-element elementor-element-7983b26b elementor-widget__width-initial elementor-widget elementor-widget-text-editor\" data-id=\"7983b26b\" data-element_type=\"widget\" data-e-type=\"widget\" data-widget_type=\"text-editor.default\">\n\t\t\t\t\t\t\t\t\t<h2 data-start=\"89\" data-end=\"104\"><strong>Cookie-Richtlinie<\/strong><\/h2>\n<p class=\"\" data-start=\"106\" data-end=\"162\"><strong data-start=\"106\" data-end=\"162\">Zuletzt aktualisiert: 17. September 2025<\/strong><\/p>\n<p class=\"\" data-start=\"164\" data-end=\"364\">Willkommen auf der Website von X Firewood Factory!<br data-start=\"195\" data-end=\"198\">Wir verwenden Cookies, um Ihr Surferlebnis zu verbessern, den Website-Verkehr zu analysieren und gezielte Werbung zu schalten. Diese Cookie-Richtlinie erkl\u00e4rt, wie und warum wir Cookies verwenden.<\/p>\n<h4 data-start=\"366\" data-end=\"386\"><strong>Was sind Cookies?<\/strong><\/h4>\n<p class=\"\" data-start=\"388\" data-end=\"750\">Cookies sind kleine Textdateien, die eine Website auf Ihrem Computer oder Mobilger\u00e4t speichert, wenn Sie die Website besuchen. Sie erm\u00f6glichen es der Website, sich Ihre Aktionen und Pr\u00e4ferenzen (wie Anmeldung, Sprache, Schriftgr\u00f6\u00dfe und andere Anzeigeeinstellungen) \u00fcber einen bestimmten Zeitraum zu merken, so dass Sie diese nicht jedes Mal neu eingeben m\u00fcssen, wenn Sie auf die Website zur\u00fcckkehren oder von Seite zu Seite wechseln.<\/p>\n<h4 data-start=\"752\" data-end=\"773\"><strong>Wie wir Cookies verwenden<\/strong><\/h4>\n<p class=\"\" data-start=\"775\" data-end=\"825\">X Firewood Factory verwendet Cookies f\u00fcr die folgenden Zwecke:<\/p>\n<ul data-start=\"827\" data-end=\"1545\">\n<li class=\"\" data-start=\"827\" data-end=\"945\">\n<p class=\"\" data-start=\"829\" data-end=\"945\"><strong data-start=\"829\" data-end=\"850\">Unverzichtbare Cookies<\/strong>: Diese Cookies sind f\u00fcr die grundlegende Funktionalit\u00e4t der Website notwendig und immer aktiv.<\/p>\n<\/li>\n<li class=\"\" data-start=\"946\" data-end=\"1177\">\n<p class=\"\" data-start=\"948\" data-end=\"1177\"><strong data-start=\"948\" data-end=\"985\">Leistungs- und Analyse-Cookies<\/strong>: Diese Cookies sammeln Informationen dar\u00fcber, wie Sie die Website nutzen, z. B. welche Seiten Sie am h\u00e4ufigsten besuchen. Wir verwenden diese Informationen, um die Funktionalit\u00e4t der Website und die Benutzerfreundlichkeit zu verbessern.<\/p>\n<\/li>\n<li class=\"\" data-start=\"1178\" data-end=\"1367\">\n<p class=\"\" data-start=\"1180\" data-end=\"1367\"><strong data-start=\"1180\" data-end=\"1205\">Funktionalit\u00e4t Cookies<\/strong>: Diese Cookies erm\u00f6glichen es der Website, sich an die von Ihnen getroffenen Entscheidungen zu erinnern (z. B. an Ihren Benutzernamen, Ihre Sprache oder Ihre Region) und verbesserte, personalisierte Funktionen anzubieten.<\/p>\n<\/li>\n<li class=\"\" data-start=\"1368\" data-end=\"1545\">\n<p class=\"\" data-start=\"1370\" data-end=\"1545\"><strong data-start=\"1370\" data-end=\"1407\">Werbung und zielgerichtete Cookies<\/strong>: Diese Cookies sammeln Informationen \u00fcber Ihre Surfgewohnheiten, um Ihnen Werbung zu liefern, die besser auf Sie und Ihre Interessen zugeschnitten ist.<\/p>\n<\/li>\n<\/ul>\n<h4 data-start=\"1547\" data-end=\"1573\"><strong>Welche Cookies verwenden wir?<\/strong><\/h4>\n<p class=\"\" data-start=\"1575\" data-end=\"1614\">Wir verwenden auf unserer Website Cookies von Google und Facebook.<\/p>\n<p class=\"\" data-start=\"1616\" data-end=\"1848\">Konkret verwenden wir&nbsp;<strong data-start=\"1637\" data-end=\"1657\">Google Analytics<\/strong>, einen von Google bereitgestellten Webanalysedienst, um zu verstehen, wie Besucher unsere Website nutzen, und um uns zu helfen, sie zu verbessern. Google Analytics verwendet Cookies, um Daten \u00fcber die Nutzung der Website zu sammeln und zu analysieren.<\/p>\n<h4 data-start=\"1850\" data-end=\"1883\"><strong>Verwalten Sie Ihre Cookie-Einstellungen<\/strong><\/h4>\n<p class=\"\" data-start=\"1885\" data-end=\"2253\">Sie haben das Recht, Cookies frei zu verwalten und\/oder zu l\u00f6schen.<br data-start=\"1943\" data-end=\"1946\">Sie k\u00f6nnen alle Cookies, die bereits auf Ihrem Computer gespeichert sind, l\u00f6schen und die meisten Browser so einstellen, dass sie keine Cookies mehr speichern. Bitte beachten Sie jedoch, dass Sie in diesem Fall m\u00f6glicherweise bei jedem Besuch der Website einige Einstellungen manuell vornehmen m\u00fcssen und dass einige Dienste und Funktionen m\u00f6glicherweise nicht ordnungsgem\u00e4\u00df funktionieren.<\/p>\n<p class=\"\" data-start=\"2255\" data-end=\"2439\">Sie k\u00f6nnen Ihre Cookie-Einstellungen direkt auf unserer Website verwalten, indem Sie das CookieBot-Symbol in der linken unteren Ecke der Seite verwenden, wo Sie Ihre bevorzugten Cookie-Einstellungen festlegen k\u00f6nnen.<\/p>\n<h4 data-start=\"2441\" data-end=\"2463\"><strong>Kontaktinformationen<\/strong><\/h4>\n<p class=\"\" data-start=\"2465\" data-end=\"2563\">Wenn Sie Fragen zu unserer Cookie-Richtlinie haben, kontaktieren Sie uns bitte unter:<br data-start=\"2541\" data-end=\"2544\">info@xfirewoodfactory.com<\/p>\t\t\t\t\t\t\t\t<\/div>\n\t\t\t\t<div class=\"elementor-element elementor-element-3e828004 elementor-widget elementor-widget-heading\" data-id=\"3e828004\" data-element_type=\"widget\" data-e-type=\"widget\" data-widget_type=\"heading.default\">\n\t\t\t\t\t<h2 class=\"elementor-heading-title elementor-size-default\">Cookie-Informationen:<\/h2>\t\t\t\t<\/div>\n\t\t\t\t<div class=\"elementor-element elementor-element-3513a6bd elementor-widget elementor-widget-html\" data-id=\"3513a6bd\" data-element_type=\"widget\" data-e-type=\"widget\" data-widget_type=\"html.default\">\n\t\t\t\t\t<script id=\"CookieDeclaration\" src=\"https:\/\/consent.cookiebot.com\/d3262a4f-fa9b-4042-98c2-b22b2cf1d638\/cd.js\" type=\"text\/javascript\" async><\/script>\t\t\t\t<\/div>\n\t\t\t\t<\/div>\n\t\t\t\t<\/div>\n\t\t<div data-particle_enable=\"false\" data-particle-mobile-disabled=\"false\" class=\"elementor-element elementor-element-aff3f5c e-flex e-con-boxed e-con e-parent\" data-id=\"aff3f5c\" data-element_type=\"container\" data-e-type=\"container\">\n\t\t\t\t\t<div class=\"e-con-inner\">\n\t\t\t\t\t<\/div>\n\t\t\t\t<\/div>\n\t\t\t\t<\/div>","protected":false},"excerpt":{"rendered":"<p>Cookie Policy Last updated: 17 September 2025 Welcome to X Firewood Factory website!We use cookies to enhance your browsing experience, analyze website traffic, and deliver targeted advertising. This Cookie Policy explains how and why we use cookies. What Are Cookies? Cookies are small text files that a website saves on your computer or mobile device [&hellip;]<\/p>\n","protected":false},"author":2,"featured_media":0,"parent":0,"menu_order":0,"comment_status":"closed","ping_status":"closed","template":"","meta":{"content-type":"","footnotes":""},"class_list":["post-1759","page","type-page","status-publish","hentry"],"yoast_head":"<!-- This site is optimized with the Yoast SEO plugin v27.5 - https:\/\/yoast.com\/product\/yoast-seo-wordpress\/ -->\n<title>Cookies - X Firewood Factory<\/title>\n<meta name=\"robots\" content=\"index, follow, max-snippet:-1, max-image-preview:large, max-video-preview:-1\" \/>\n<link rel=\"canonical\" href=\"https:\/\/xfirewoodfactory.com\/de\/cookies\/\" \/>\n<meta property=\"og:locale\" content=\"de_DE\" \/>\n<meta property=\"og:type\" content=\"article\" \/>\n<meta property=\"og:title\" content=\"Cookies - X Firewood Factory\" \/>\n<meta property=\"og:description\" content=\"Cookie Policy Last updated: 17 September 2025 Welcome to X Firewood Factory website!We use cookies to enhance your browsing experience, analyze website traffic, and deliver targeted advertising. This Cookie Policy explains how and why we use cookies. What Are Cookies? Cookies are small text files that a website saves on your computer or mobile device [&hellip;]\" \/>\n<meta property=\"og:url\" content=\"https:\/\/xfirewoodfactory.com\/de\/cookies\/\" \/>\n<meta property=\"og:site_name\" content=\"X Firewood Factory\" \/>\n<meta property=\"article:publisher\" content=\"https:\/\/www.facebook.com\/people\/X-Firewood-Factory\/61567749115787\/\" \/>\n<meta property=\"article:modified_time\" content=\"2025-11-25T13:09:25+00:00\" \/>\n<meta name=\"twitter:card\" content=\"summary_large_image\" \/>\n<script type=\"application\/ld+json\" class=\"yoast-schema-graph\">{\"@context\":\"https:\\\/\\\/schema.org\",\"@graph\":[{\"@type\":\"WebPage\",\"@id\":\"https:\\\/\\\/xfirewoodfactory.com\\\/cookies\\\/\",\"url\":\"https:\\\/\\\/xfirewoodfactory.com\\\/cookies\\\/\",\"name\":\"Cookies - X Firewood Factory\",\"isPartOf\":{\"@id\":\"https:\\\/\\\/xfirewoodfactory.com\\\/#website\"},\"datePublished\":\"2025-09-17T15:17:07+00:00\",\"dateModified\":\"2025-11-25T13:09:25+00:00\",\"breadcrumb\":{\"@id\":\"https:\\\/\\\/xfirewoodfactory.com\\\/cookies\\\/#breadcrumb\"},\"inLanguage\":\"de\",\"potentialAction\":[{\"@type\":\"ReadAction\",\"target\":[\"https:\\\/\\\/xfirewoodfactory.com\\\/cookies\\\/\"]}]},{\"@type\":\"BreadcrumbList\",\"@id\":\"https:\\\/\\\/xfirewoodfactory.com\\\/cookies\\\/#breadcrumb\",\"itemListElement\":[{\"@type\":\"ListItem\",\"position\":1,\"name\":\"Home\",\"item\":\"https:\\\/\\\/xfirewoodfactory.com\\\/\"},{\"@type\":\"ListItem\",\"position\":2,\"name\":\"Cookies\"}]},{\"@type\":\"WebSite\",\"@id\":\"https:\\\/\\\/xfirewoodfactory.com\\\/#website\",\"url\":\"https:\\\/\\\/xfirewoodfactory.com\\\/\",\"name\":\"X Firewood Factory\",\"description\":\"Superior performance for industrial use\",\"publisher\":{\"@id\":\"https:\\\/\\\/xfirewoodfactory.com\\\/#organization\"},\"potentialAction\":[{\"@type\":\"SearchAction\",\"target\":{\"@type\":\"EntryPoint\",\"urlTemplate\":\"https:\\\/\\\/xfirewoodfactory.com\\\/?s={search_term_string}\"},\"query-input\":{\"@type\":\"PropertyValueSpecification\",\"valueRequired\":true,\"valueName\":\"search_term_string\"}}],\"inLanguage\":\"de\"},{\"@type\":\"Organization\",\"@id\":\"https:\\\/\\\/xfirewoodfactory.com\\\/#organization\",\"name\":\"X Firewood Factory\",\"url\":\"https:\\\/\\\/xfirewoodfactory.com\\\/\",\"logo\":{\"@type\":\"ImageObject\",\"inLanguage\":\"de\",\"@id\":\"https:\\\/\\\/xfirewoodfactory.com\\\/#\\\/schema\\\/logo\\\/image\\\/\",\"url\":\"https:\\\/\\\/xfirewoodfactory.com\\\/wp-content\\\/uploads\\\/2025\\\/07\\\/XFF-logo_landscape-scaled.png\",\"contentUrl\":\"https:\\\/\\\/xfirewoodfactory.com\\\/wp-content\\\/uploads\\\/2025\\\/07\\\/XFF-logo_landscape-scaled.png\",\"width\":2560,\"height\":768,\"caption\":\"X Firewood Factory\"},\"image\":{\"@id\":\"https:\\\/\\\/xfirewoodfactory.com\\\/#\\\/schema\\\/logo\\\/image\\\/\"},\"sameAs\":[\"https:\\\/\\\/www.facebook.com\\\/people\\\/X-Firewood-Factory\\\/61567749115787\\\/\",\"https:\\\/\\\/www.youtube.com\\\/@XFirewoodFactory\",\"https:\\\/\\\/www.tiktok.com\\\/@x.firewood.factor\"]}]}<\/script>\n<!-- \/ Yoast SEO plugin. -->","yoast_head_json":{"title":"Kekse - X Brennholzfabrik","robots":{"index":"index","follow":"follow","max-snippet":"max-snippet:-1","max-image-preview":"max-image-preview:large","max-video-preview":"max-video-preview:-1"},"canonical":"https:\/\/xfirewoodfactory.com\/de\/cookies\/","og_locale":"de_DE","og_type":"article","og_title":"Cookies - X Firewood Factory","og_description":"Cookie Policy Last updated: 17 September 2025 Welcome to X Firewood Factory website!We use cookies to enhance your browsing experience, analyze website traffic, and deliver targeted advertising. This Cookie Policy explains how and why we use cookies. What Are Cookies? Cookies are small text files that a website saves on your computer or mobile device [&hellip;]","og_url":"https:\/\/xfirewoodfactory.com\/de\/cookies\/","og_site_name":"X Firewood Factory","article_publisher":"https:\/\/www.facebook.com\/people\/X-Firewood-Factory\/61567749115787\/","article_modified_time":"2025-11-25T13:09:25+00:00","twitter_card":"summary_large_image","schema":{"@context":"https:\/\/schema.org","@graph":[{"@type":"WebPage","@id":"https:\/\/xfirewoodfactory.com\/cookies\/","url":"https:\/\/xfirewoodfactory.com\/cookies\/","name":"Kekse - X Brennholzfabrik","isPartOf":{"@id":"https:\/\/xfirewoodfactory.com\/#website"},"datePublished":"2025-09-17T15:17:07+00:00","dateModified":"2025-11-25T13:09:25+00:00","breadcrumb":{"@id":"https:\/\/xfirewoodfactory.com\/cookies\/#breadcrumb"},"inLanguage":"de","potentialAction":[{"@type":"ReadAction","target":["https:\/\/xfirewoodfactory.com\/cookies\/"]}]},{"@type":"BreadcrumbList","@id":"https:\/\/xfirewoodfactory.com\/cookies\/#breadcrumb","itemListElement":[{"@type":"ListItem","position":1,"name":"Home","item":"https:\/\/xfirewoodfactory.com\/"},{"@type":"ListItem","position":2,"name":"Cookies"}]},{"@type":"WebSite","@id":"https:\/\/xfirewoodfactory.com\/#website","url":"https:\/\/xfirewoodfactory.com\/","name":"X Brennholzfabrik","description":"\u00dcberlegene Leistung f\u00fcr den industriellen Einsatz","publisher":{"@id":"https:\/\/xfirewoodfactory.com\/#organization"},"potentialAction":[{"@type":"SearchAction","target":{"@type":"EntryPoint","urlTemplate":"https:\/\/xfirewoodfactory.com\/?s={search_term_string}"},"query-input":{"@type":"PropertyValueSpecification","valueRequired":true,"valueName":"search_term_string"}}],"inLanguage":"de"},{"@type":"Organization","@id":"https:\/\/xfirewoodfactory.com\/#organization","name":"X Brennholzfabrik","url":"https:\/\/xfirewoodfactory.com\/","logo":{"@type":"ImageObject","inLanguage":"de","@id":"https:\/\/xfirewoodfactory.com\/#\/schema\/logo\/image\/","url":"https:\/\/xfirewoodfactory.com\/wp-content\/uploads\/2025\/07\/XFF-logo_landscape-scaled.png","contentUrl":"https:\/\/xfirewoodfactory.com\/wp-content\/uploads\/2025\/07\/XFF-logo_landscape-scaled.png","width":2560,"height":768,"caption":"X Firewood Factory"},"image":{"@id":"https:\/\/xfirewoodfactory.com\/#\/schema\/logo\/image\/"},"sameAs":["https:\/\/www.facebook.com\/people\/X-Firewood-Factory\/61567749115787\/","https:\/\/www.youtube.com\/@XFirewoodFactory","https:\/\/www.tiktok.com\/@x.firewood.factor"]}]}},"_links":{"self":[{"href":"https:\/\/xfirewoodfactory.com\/de\/wp-json\/wp\/v2\/pages\/1759","targetHints":{"allow":["GET"]}}],"collection":[{"href":"https:\/\/xfirewoodfactory.com\/de\/wp-json\/wp\/v2\/pages"}],"about":[{"href":"https:\/\/xfirewoodfactory.com\/de\/wp-json\/wp\/v2\/types\/page"}],"author":[{"embeddable":true,"href":"https:\/\/xfirewoodfactory.com\/de\/wp-json\/wp\/v2\/users\/2"}],"replies":[{"embeddable":true,"href":"https:\/\/xfirewoodfactory.com\/de\/wp-json\/wp\/v2\/comments?post=1759"}],"version-history":[{"count":20,"href":"https:\/\/xfirewoodfactory.com\/de\/wp-json\/wp\/v2\/pages\/1759\/revisions"}],"predecessor-version":[{"id":1994,"href":"https:\/\/xfirewoodfactory.com\/de\/wp-json\/wp\/v2\/pages\/1759\/revisions\/1994"}],"wp:attachment":[{"href":"https:\/\/xfirewoodfactory.com\/de\/wp-json\/wp\/v2\/media?parent=1759"}],"curies":[{"name":"wp","href":"https:\/\/api.w.org\/{rel}","templated":true}]}}